{"id":33,"date":"2024-06-15T20:35:29","date_gmt":"2024-06-15T20:35:29","guid":{"rendered":"https:\/\/signerosenkilde.dk\/index.php\/our-story\/"},"modified":"2025-02-12T14:29:40","modified_gmt":"2025-02-12T14:29:40","slug":"vores-vand","status":"publish","type":"page","link":"https:\/\/xn--bvandvrk-o0a7o.dk\/index.php\/vores-vand\/","title":{"rendered":"Vores Vand"},"content":{"rendered":"\t\t<div data-elementor-type=\"wp-page\" data-elementor-id=\"33\" class=\"elementor elementor-33\">\n\t\t\t\t<div class=\"elementor-element elementor-element-96655f0 e-flex e-con-boxed e-con e-parent\" data-id=\"96655f0\" data-element_type=\"container\">\n\t\t\t\t\t<div class=\"e-con-inner\">\n\t\t<div class=\"elementor-element elementor-element-f47b8e1 e-con-full e-flex e-con e-child\" data-id=\"f47b8e1\" data-element_type=\"container\">\n\t\t\t\t<div class=\"elementor-element elementor-element-4743e45 elementor-widget elementor-widget-heading\" data-id=\"4743e45\" data-element_type=\"widget\" data-widget_type=\"heading.default\">\n\t\t\t\t<div class=\"elementor-widget-container\">\n\t\t\t<style>\/*! elementor - v3.21.0 - 26-05-2024 *\/\n.elementor-heading-title{padding:0;margin:0;line-height:1}.elementor-widget-heading .elementor-heading-title[class*=elementor-size-]>a{color:inherit;font-size:inherit;line-height:inherit}.elementor-widget-heading .elementor-heading-title.elementor-size-small{font-size:15px}.elementor-widget-heading .elementor-heading-title.elementor-size-medium{font-size:19px}.elementor-widget-heading .elementor-heading-title.elementor-size-large{font-size:29px}.elementor-widget-heading .elementor-heading-title.elementor-size-xl{font-size:39px}.elementor-widget-heading .elementor-heading-title.elementor-size-xxl{font-size:59px}<\/style><h2 class=\"elementor-heading-title elementor-size-default\">Vores vand<\/h2>\t\t<\/div>\n\t\t\t\t<\/div>\n\t\t\t\t<div class=\"elementor-element elementor-element-d7ebca4 elementor-widget elementor-widget-text-editor\" data-id=\"d7ebca4\" data-element_type=\"widget\" data-widget_type=\"text-editor.default\">\n\t\t\t\t<div class=\"elementor-widget-container\">\n\t\t\t<style>\/*! elementor - v3.21.0 - 26-05-2024 *\/\n.elementor-widget-text-editor.elementor-drop-cap-view-stacked .elementor-drop-cap{background-color:#69727d;color:#fff}.elementor-widget-text-editor.elementor-drop-cap-view-framed .elementor-drop-cap{color:#69727d;border:3px solid;background-color:transparent}.elementor-widget-text-editor:not(.elementor-drop-cap-view-default) .elementor-drop-cap{margin-top:8px}.elementor-widget-text-editor:not(.elementor-drop-cap-view-default) .elementor-drop-cap-letter{width:1em;height:1em}.elementor-widget-text-editor .elementor-drop-cap{float:left;text-align:center;line-height:1;font-size:50px}.elementor-widget-text-editor .elementor-drop-cap-letter{display:inline-block}<\/style>\t\t\t\t<h5 data-start=\"114\" data-end=\"342\">Vandanalyser<\/h5><p data-start=\"114\" data-end=\"342\">Hos \u00d8dis Bramdrup Vandv\u00e6rk er vi dedikerede til at levere rent og velsmagende drikkevand til vores forbrugere. Derfor foretager vi l\u00f8bende analyser og pr\u00f8ver af vandet for at sikre, at det lever op til g\u00e6ldende krav og standarder.<\/p><p data-start=\"344\" data-end=\"459\">Du kan altid finde de seneste vandanalyser ved at klikke p\u00e5 linket nedenfor:<\/p>\t\t\t\t\t\t<\/div>\n\t\t\t\t<\/div>\n\t\t\t\t<div class=\"elementor-element elementor-element-833d40a elementor-widget elementor-widget-button\" data-id=\"833d40a\" data-element_type=\"widget\" data-widget_type=\"button.default\">\n\t\t\t\t<div class=\"elementor-widget-container\">\n\t\t\t\t\t<div class=\"elementor-button-wrapper\">\n\t\t\t<a class=\"elementor-button elementor-button-link elementor-size-sm\" href=\"https:\/\/vand-kvalitet.dk\/?Menu=Vandvaerk&#038;Side=rentvandsproever&#038;Side=rentvandsproever&#038;plantid=72877&#038;Vandproever=Alle\" target=\"_blank\">\n\t\t\t\t\t\t<span class=\"elementor-button-content-wrapper\">\n\t\t\t\t\t\t\t\t\t<span class=\"elementor-button-text\">Seneste Vandanalyser<\/span>\n\t\t\t\t\t<\/span>\n\t\t\t\t\t<\/a>\n\t\t<\/div>\n\t\t\t\t<\/div>\n\t\t\t\t<\/div>\n\t\t\t\t<div class=\"elementor-element elementor-element-dc28152 elementor-widget elementor-widget-text-editor\" data-id=\"dc28152\" data-element_type=\"widget\" data-widget_type=\"text-editor.default\">\n\t\t\t\t<div class=\"elementor-widget-container\">\n\t\t\t\t\t\t\t<p>\u00a0<\/p><p>Vandanalysen viser indholdet af vandet der indvindes i \u00d8dis Bramdrup Vandv\u00e6rk. Bem\u00e6rk at der skelnes mellem r\u00e5vand og behandlet vand der sendes ud til forbrugeren. Brug gerne guiden &#8220;S\u00e5dan l\u00e6ser du en vandanalyse&#8221;, der findes nedenfor:<\/p>\t\t\t\t\t\t<\/div>\n\t\t\t\t<\/div>\n\t\t\t\t<div class=\"elementor-element elementor-element-65bd863 elementor-widget elementor-widget-button\" data-id=\"65bd863\" data-element_type=\"widget\" data-widget_type=\"button.default\">\n\t\t\t\t<div class=\"elementor-widget-container\">\n\t\t\t\t\t<div class=\"elementor-button-wrapper\">\n\t\t\t<a class=\"elementor-button elementor-button-link elementor-size-sm\" href=\"https:\/\/danskevv.dk\/viden\/drift-og-teknik\/vandanalyser\/saadan-laeser-du-en-vandanalyse\/\" target=\"_blank\">\n\t\t\t\t\t\t<span class=\"elementor-button-content-wrapper\">\n\t\t\t\t\t\t\t\t\t<span class=\"elementor-button-text\">S\u00e5dan l\u00e6ser du en vandanalyse<\/span>\n\t\t\t\t\t<\/span>\n\t\t\t\t\t<\/a>\n\t\t<\/div>\n\t\t\t\t<\/div>\n\t\t\t\t<\/div>\n\t\t\t\t<div class=\"elementor-element elementor-element-7240598 elementor-widget elementor-widget-text-editor\" data-id=\"7240598\" data-element_type=\"widget\" data-widget_type=\"text-editor.default\">\n\t\t\t\t<div class=\"elementor-widget-container\">\n\t\t\t\t\t\t\t<h5>\u00a0<\/h5><h5>Indvindingsomr\u00e5der<\/h5><p>Drenderupvej 6, 6580 Vamdrup<\/p><h5>Risikovurdering<\/h5><p>Hvad vil der ske hvis der pludselig ikke er muligt at f\u00e5 vand fra \u00d8dis Bramdrup vandv\u00e6rk? <br \/>\u00c5rsagerne til dette kan v\u00e6re mange. Det kan v\u00e6re at der sker nedbrud p\u00e5 en eller flere af af vandv\u00e6rkets apparater eller fejl p\u00e5 det elektriske anl\u00e6g. <br \/>Risikovurderingen er et fast emne p\u00e5 bestyrelsens m\u00f8der og ogs\u00e5 vurderinger af fremtidens udfordringer.<\/p><p>Der er i bestyrelsen besluttet, at hvis vandv\u00e6rket ikke kan forsyne brugerne, kan der k\u00f8bes vand fra, tidligere Drenderup Vandv\u00e6rk eller \u00d8dis Vandv\u00e6rk. Der er foretaget de n\u00f8dvendige anl\u00e6gsforanstaltninger, for at forsyningen kan opretholdes.<\/p>\t\t\t\t\t\t<\/div>\n\t\t\t\t<\/div>\n\t\t\t\t<\/div>\n\t\t<div class=\"elementor-element elementor-element-6878a02 e-con-full e-flex e-con e-child\" data-id=\"6878a02\" data-element_type=\"container\">\n\t\t\t\t<div class=\"elementor-element elementor-element-d625bb7 elementor-arrows-position-outside elementor-widget elementor-widget-image-carousel\" data-id=\"d625bb7\" data-element_type=\"widget\" data-settings=\"{&quot;slides_to_show&quot;:&quot;1&quot;,&quot;navigation&quot;:&quot;arrows&quot;,&quot;autoplay&quot;:&quot;yes&quot;,&quot;pause_on_hover&quot;:&quot;yes&quot;,&quot;pause_on_interaction&quot;:&quot;yes&quot;,&quot;autoplay_speed&quot;:5000,&quot;infinite&quot;:&quot;yes&quot;,&quot;effect&quot;:&quot;slide&quot;,&quot;speed&quot;:500}\" data-widget_type=\"image-carousel.default\">\n\t\t\t\t<div class=\"elementor-widget-container\">\n\t\t\t<style>\/*! elementor - v3.21.0 - 26-05-2024 *\/\n.elementor-widget-image-carousel .swiper,.elementor-widget-image-carousel .swiper-container{position:static}.elementor-widget-image-carousel .swiper-container .swiper-slide figure,.elementor-widget-image-carousel .swiper .swiper-slide figure{line-height:inherit}.elementor-widget-image-carousel .swiper-slide{text-align:center}.elementor-image-carousel-wrapper:not(.swiper-container-initialized):not(.swiper-initialized) .swiper-slide{max-width:calc(100% \/ var(--e-image-carousel-slides-to-show, 3))}<\/style>\t\t<div class=\"elementor-image-carousel-wrapper swiper\" dir=\"ltr\">\n\t\t\t<div class=\"elementor-image-carousel swiper-wrapper\" aria-live=\"off\">\n\t\t\t\t\t\t\t\t<div class=\"swiper-slide\" role=\"group\" aria-roledescription=\"slide\" aria-label=\"1 of 7\"><figure class=\"swiper-slide-inner\"><img decoding=\"async\" class=\"swiper-slide-image\" src=\"https:\/\/xn--bvandvrk-o0a7o.dk\/wp-content\/uploads\/2025\/02\/vand7-1024x768.jpg\" alt=\"vand7\" \/><\/figure><\/div><div class=\"swiper-slide\" role=\"group\" aria-roledescription=\"slide\" aria-label=\"2 of 7\"><figure class=\"swiper-slide-inner\"><img decoding=\"async\" class=\"swiper-slide-image\" src=\"https:\/\/xn--bvandvrk-o0a7o.dk\/wp-content\/uploads\/2025\/02\/vand6-1024x768.jpg\" alt=\"vand6\" \/><\/figure><\/div><div class=\"swiper-slide\" role=\"group\" aria-roledescription=\"slide\" aria-label=\"3 of 7\"><figure class=\"swiper-slide-inner\"><img decoding=\"async\" class=\"swiper-slide-image\" src=\"https:\/\/xn--bvandvrk-o0a7o.dk\/wp-content\/uploads\/2025\/02\/vand5-1024x768.jpg\" alt=\"vand5\" \/><\/figure><\/div><div class=\"swiper-slide\" role=\"group\" aria-roledescription=\"slide\" aria-label=\"4 of 7\"><figure class=\"swiper-slide-inner\"><img decoding=\"async\" class=\"swiper-slide-image\" src=\"https:\/\/xn--bvandvrk-o0a7o.dk\/wp-content\/uploads\/2025\/02\/vand4-1024x768.jpg\" alt=\"vand4\" \/><\/figure><\/div><div class=\"swiper-slide\" role=\"group\" aria-roledescription=\"slide\" aria-label=\"5 of 7\"><figure class=\"swiper-slide-inner\"><img decoding=\"async\" class=\"swiper-slide-image\" src=\"https:\/\/xn--bvandvrk-o0a7o.dk\/wp-content\/uploads\/2025\/02\/vand3-768x1024.jpg\" alt=\"vand3\" \/><\/figure><\/div><div class=\"swiper-slide\" role=\"group\" aria-roledescription=\"slide\" aria-label=\"6 of 7\"><figure class=\"swiper-slide-inner\"><img decoding=\"async\" class=\"swiper-slide-image\" src=\"https:\/\/xn--bvandvrk-o0a7o.dk\/wp-content\/uploads\/2025\/02\/vand2-1024x768.jpg\" alt=\"vand2\" \/><\/figure><\/div><div class=\"swiper-slide\" role=\"group\" aria-roledescription=\"slide\" aria-label=\"7 of 7\"><figure class=\"swiper-slide-inner\"><img decoding=\"async\" class=\"swiper-slide-image\" src=\"https:\/\/xn--bvandvrk-o0a7o.dk\/wp-content\/uploads\/2025\/02\/vand1-1024x768.jpg\" alt=\"vand1\" \/><\/figure><\/div>\t\t\t<\/div>\n\t\t\t\t\t\t\t\t\t\t\t\t<div class=\"elementor-swiper-button elementor-swiper-button-prev\" role=\"button\" tabindex=\"0\">\n\t\t\t\t\t\t<i aria-hidden=\"true\" class=\"eicon-chevron-left\"><\/i>\t\t\t\t\t<\/div>\n\t\t\t\t\t<div class=\"elementor-swiper-button elementor-swiper-button-next\" role=\"button\" tabindex=\"0\">\n\t\t\t\t\t\t<i aria-hidden=\"true\" class=\"eicon-chevron-right\"><\/i>\t\t\t\t\t<\/div>\n\t\t\t\t\n\t\t\t\t\t\t\t\t\t<\/div>\n\t\t\t\t<\/div>\n\t\t\t\t<\/div>\n\t\t\t\t<\/div>\n\t\t\t\t\t<\/div>\n\t\t\t\t<\/div>\n\t\t\t\t<\/div>\n\t\t","protected":false},"excerpt":{"rendered":"<p>Vores vand Vandanalyser Hos \u00d8dis Bramdrup Vandv\u00e6rk er vi dedikerede til at levere rent og velsmagende drikkevand til vores forbrugere. Derfor foretager vi l\u00f8bende analyser og pr\u00f8ver af vandet for at sikre, at det lever op til g\u00e6ldende krav og standarder. Du kan altid finde de seneste vandanalyser ved at klikke p\u00e5 linket nedenfor: Seneste [&hellip;]<\/p>\n","protected":false},"author":1,"featured_media":0,"parent":0,"menu_order":0,"comment_status":"closed","ping_status":"closed","template":"elementor_header_footer","meta":{"footnotes":""},"class_list":["post-33","page","type-page","status-publish","hentry"],"_links":{"self":[{"href":"https:\/\/xn--bvandvrk-o0a7o.dk\/index.php\/wp-json\/wp\/v2\/pages\/33","targetHints":{"allow":["GET"]}}],"collection":[{"href":"https:\/\/xn--bvandvrk-o0a7o.dk\/index.php\/wp-json\/wp\/v2\/pages"}],"about":[{"href":"https:\/\/xn--bvandvrk-o0a7o.dk\/index.php\/wp-json\/wp\/v2\/types\/page"}],"author":[{"embeddable":true,"href":"https:\/\/xn--bvandvrk-o0a7o.dk\/index.php\/wp-json\/wp\/v2\/users\/1"}],"replies":[{"embeddable":true,"href":"https:\/\/xn--bvandvrk-o0a7o.dk\/index.php\/wp-json\/wp\/v2\/comments?post=33"}],"version-history":[{"count":41,"href":"https:\/\/xn--bvandvrk-o0a7o.dk\/index.php\/wp-json\/wp\/v2\/pages\/33\/revisions"}],"predecessor-version":[{"id":227,"href":"https:\/\/xn--bvandvrk-o0a7o.dk\/index.php\/wp-json\/wp\/v2\/pages\/33\/revisions\/227"}],"wp:attachment":[{"href":"https:\/\/xn--bvandvrk-o0a7o.dk\/index.php\/wp-json\/wp\/v2\/media?parent=33"}],"curies":[{"name":"wp","href":"https:\/\/api.w.org\/{rel}","templated":true}]}}