{"id":22,"date":"2024-06-15T20:35:28","date_gmt":"2024-06-15T20:35:28","guid":{"rendered":"https:\/\/signerosenkilde.dk\/index.php\/our-services\/"},"modified":"2025-02-12T13:28:17","modified_gmt":"2025-02-12T13:28:17","slug":"foreningen","status":"publish","type":"page","link":"https:\/\/xn--bvandvrk-o0a7o.dk\/index.php\/foreningen\/","title":{"rendered":"Foreningen"},"content":{"rendered":"\t\t<div data-elementor-type=\"wp-page\" data-elementor-id=\"22\" class=\"elementor elementor-22\">\n\t\t\t\t<div class=\"elementor-element elementor-element-6ddf770b e-flex e-con-boxed e-con e-parent\" data-id=\"6ddf770b\" data-element_type=\"container\">\n\t\t\t\t\t<div class=\"e-con-inner\">\n\t\t<div class=\"elementor-element elementor-element-3e8c06a6 e-con-full e-flex e-con e-child\" data-id=\"3e8c06a6\" data-element_type=\"container\">\n\t\t\t\t<div class=\"elementor-element elementor-element-5bf73ab1 elementor-widget elementor-widget-heading\" data-id=\"5bf73ab1\" data-element_type=\"widget\" data-widget_type=\"heading.default\">\n\t\t\t\t<div class=\"elementor-widget-container\">\n\t\t\t<style>\/*! elementor - v3.21.0 - 26-05-2024 *\/\n.elementor-heading-title{padding:0;margin:0;line-height:1}.elementor-widget-heading .elementor-heading-title[class*=elementor-size-]>a{color:inherit;font-size:inherit;line-height:inherit}.elementor-widget-heading .elementor-heading-title.elementor-size-small{font-size:15px}.elementor-widget-heading .elementor-heading-title.elementor-size-medium{font-size:19px}.elementor-widget-heading .elementor-heading-title.elementor-size-large{font-size:29px}.elementor-widget-heading .elementor-heading-title.elementor-size-xl{font-size:39px}.elementor-widget-heading .elementor-heading-title.elementor-size-xxl{font-size:59px}<\/style><h2 class=\"elementor-heading-title elementor-size-default\">Foreningen<\/h2>\t\t<\/div>\n\t\t\t\t<\/div>\n\t\t\t\t<div class=\"elementor-element elementor-element-734d795d elementor-widget elementor-widget-text-editor\" data-id=\"734d795d\" data-element_type=\"widget\" data-widget_type=\"text-editor.default\">\n\t\t\t\t<div class=\"elementor-widget-container\">\n\t\t\t<style>\/*! elementor - v3.21.0 - 26-05-2024 *\/\n.elementor-widget-text-editor.elementor-drop-cap-view-stacked .elementor-drop-cap{background-color:#69727d;color:#fff}.elementor-widget-text-editor.elementor-drop-cap-view-framed .elementor-drop-cap{color:#69727d;border:3px solid;background-color:transparent}.elementor-widget-text-editor:not(.elementor-drop-cap-view-default) .elementor-drop-cap{margin-top:8px}.elementor-widget-text-editor:not(.elementor-drop-cap-view-default) .elementor-drop-cap-letter{width:1em;height:1em}.elementor-widget-text-editor .elementor-drop-cap{float:left;text-align:center;line-height:1;font-size:50px}.elementor-widget-text-editor .elementor-drop-cap-letter{display:inline-block}<\/style>\t\t\t\t<p>Foreningen er stiftet i 1967 og har siden forsynet brugerne af vandv\u00e6rket med vand og fungeret under de retm\u00e6ssige regler for foreningsdrift. Vandv\u00e6rket er i t\u00e6t samarbejde med Kolding Kommune, der har udvindings kontrollen. I dag er der 5 personer i bestyrelsen der er valgt efter g\u00e6ldende regler. Der afholdes \u00e5rlige bestyrelsesm\u00f8der, hvor vandv\u00e6rkets regnskab gennemg\u00e5s og godkendes. Ved disse bestyrelsesm\u00f8der dr\u00f8ftes problemer og udfordringer der har v\u00e6ret i \u00e5rets l\u00f8b, ligesom der dr\u00f8ftes forslag og tiltag til driften der skal ske i n\u00e6rmeste fremtid.<\/p>\t\t\t\t\t\t<\/div>\n\t\t\t\t<\/div>\n\t\t\t\t<\/div>\n\t\t<div class=\"elementor-element elementor-element-48b04cc5 e-con-full e-flex e-con e-child\" data-id=\"48b04cc5\" data-element_type=\"container\" data-settings=\"{&quot;background_background&quot;:&quot;classic&quot;}\">\n\t\t\t\t<\/div>\n\t\t\t\t\t<\/div>\n\t\t\t\t<\/div>\n\t\t<div class=\"elementor-element elementor-element-d60093b e-flex e-con-boxed e-con e-parent\" data-id=\"d60093b\" data-element_type=\"container\">\n\t\t\t\t\t<div class=\"e-con-inner\">\n\t\t<div class=\"elementor-element elementor-element-69760f8 e-con-full elementor-hidden-mobile e-flex e-con e-child\" data-id=\"69760f8\" data-element_type=\"container\" data-settings=\"{&quot;background_background&quot;:&quot;classic&quot;}\">\n\t\t\t\t<\/div>\n\t\t<div class=\"elementor-element elementor-element-a58bf55 e-con-full e-flex e-con e-child\" data-id=\"a58bf55\" data-element_type=\"container\">\n\t\t\t\t<div class=\"elementor-element elementor-element-3c7ff61 elementor-widget elementor-widget-heading\" data-id=\"3c7ff61\" data-element_type=\"widget\" data-widget_type=\"heading.default\">\n\t\t\t\t<div class=\"elementor-widget-container\">\n\t\t\t<h2 class=\"elementor-heading-title elementor-size-default\">Bestyrelsen<\/h2>\t\t<\/div>\n\t\t\t\t<\/div>\n\t\t\t\t<div class=\"elementor-element elementor-element-8d85ab3 elementor-widget elementor-widget-text-editor\" data-id=\"8d85ab3\" data-element_type=\"widget\" data-widget_type=\"text-editor.default\">\n\t\t\t\t<div class=\"elementor-widget-container\">\n\t\t\t\t\t\t\t<p>Formand:<br \/>Daniel Klestrup Bj\u00e6rge &#8211; klestrup@hotmail.com &#8211; 23246555<\/p><p>Kasserer:<br \/>Peder Nissen- gdrpeder@yahoo.dk &#8211; 40978203<\/p><p>V\u00e6rkmester:<br \/>Lars Lund &#8211; larslunds@gmail.com &#8211; 50523203<\/p><p>Bestyrelsesmedlem:<br \/>S\u00f8ren Gade &#8211; gade@profibermail.dk<\/p><p>Bestyrelsesmedlem:<br \/>Niels J\u00f8rgen Hansen<\/p><p>\u00a0<\/p>\t\t\t\t\t\t<\/div>\n\t\t\t\t<\/div>\n\t\t\t\t<\/div>\n\t\t\t\t\t<\/div>\n\t\t\t\t<\/div>\n\t\t\t\t<\/div>\n\t\t","protected":false},"excerpt":{"rendered":"<p>Foreningen Foreningen er stiftet i 1967 og har siden forsynet brugerne af vandv\u00e6rket med vand og fungeret under de retm\u00e6ssige regler for foreningsdrift. Vandv\u00e6rket er i t\u00e6t samarbejde med Kolding Kommune, der har udvindings kontrollen. I dag er der 5 personer i bestyrelsen der er valgt efter g\u00e6ldende regler. Der afholdes \u00e5rlige bestyrelsesm\u00f8der, hvor vandv\u00e6rkets [&hellip;]<\/p>\n","protected":false},"author":1,"featured_media":0,"parent":0,"menu_order":0,"comment_status":"closed","ping_status":"closed","template":"","meta":{"footnotes":""},"class_list":["post-22","page","type-page","status-publish","hentry"],"_links":{"self":[{"href":"https:\/\/xn--bvandvrk-o0a7o.dk\/index.php\/wp-json\/wp\/v2\/pages\/22","targetHints":{"allow":["GET"]}}],"collection":[{"href":"https:\/\/xn--bvandvrk-o0a7o.dk\/index.php\/wp-json\/wp\/v2\/pages"}],"about":[{"href":"https:\/\/xn--bvandvrk-o0a7o.dk\/index.php\/wp-json\/wp\/v2\/types\/page"}],"author":[{"embeddable":true,"href":"https:\/\/xn--bvandvrk-o0a7o.dk\/index.php\/wp-json\/wp\/v2\/users\/1"}],"replies":[{"embeddable":true,"href":"https:\/\/xn--bvandvrk-o0a7o.dk\/index.php\/wp-json\/wp\/v2\/comments?post=22"}],"version-history":[{"count":28,"href":"https:\/\/xn--bvandvrk-o0a7o.dk\/index.php\/wp-json\/wp\/v2\/pages\/22\/revisions"}],"predecessor-version":[{"id":180,"href":"https:\/\/xn--bvandvrk-o0a7o.dk\/index.php\/wp-json\/wp\/v2\/pages\/22\/revisions\/180"}],"wp:attachment":[{"href":"https:\/\/xn--bvandvrk-o0a7o.dk\/index.php\/wp-json\/wp\/v2\/media?parent=22"}],"curies":[{"name":"wp","href":"https:\/\/api.w.org\/{rel}","templated":true}]}}